{"id":8928,"date":"2022-04-08T13:26:49","date_gmt":"2022-04-08T17:26:49","guid":{"rendered":"https:\/\/enllanquihue.cl\/dados-uteis\/"},"modified":"2022-06-28T21:01:54","modified_gmt":"2022-06-29T01:01:54","slug":"dados-uteis","status":"publish","type":"page","link":"https:\/\/enllanquihue.cl\/pt-br\/dados-uteis\/","title":{"rendered":"Dados \u00fateis"},"content":{"rendered":"\n<div class=\"wp-block-citadela-blocks-custom-container citadela-block-custom-container size-wide bg-type-none inside-space-none\"><div class=\"inner-holder\">\n<div style=\"height:100px\" aria-hidden=\"true\" class=\"wp-block-spacer\"><\/div>\n\n\n\n<h2 class=\"has-text-align-left wp-block-heading\" style=\"font-style:normal;font-weight:700\">Dados <mark style=\"background-color:rgba(0, 0, 0, 0);color:#008bb2\" class=\"has-inline-color\">\u00fateis<\/mark><\/h2>\n\n\n\n<div style=\"height:20px\" aria-hidden=\"true\" class=\"wp-block-spacer\"><\/div>\n\n\n\n<div class=\"wp-block-columns is-layout-flex wp-container-core-columns-is-layout-9d6595d7 wp-block-columns-is-layout-flex\">\n<div class=\"wp-block-column is-layout-flow wp-block-column-is-layout-flow\">\n<p><strong>Banco Santander :<\/strong> Avda. Vicente Perez Rosales #322<\/p>\n\n\n\n<p class=\"has-text-align-left\"><strong>Banco Do Estado: <\/strong>Avda. Matta # 421  <\/p>\n\n\n\n<p><strong>Banco BCI:<\/strong> Avda. Vicente Perez Rosales #304<\/p>\n\n\n\n<p><strong>Hospital: <\/strong> Erardo Werner #645<\/p>\n\n\n\n<p><strong>Carabineros de Chile:<\/strong> Avda. Os Vulc\u00f5es s\/n<\/p>\n<\/div>\n\n\n\n<div class=\"wp-block-column is-layout-flow wp-block-column-is-layout-flow\">\n<p><strong>Transporte p\u00fablico<\/strong>:  <\/p>\n\n\n\n<p>Llanquihue para Pto. Varas\/Montt  <\/p>\n\n\n\n<p>Das 6h \u00e0s 21h<\/p>\n\n\n\n<p>Llanquihue para Frutillar<\/p>\n\n\n\n<p>Das 6h30 \u00e0s 22h  <\/p>\n<\/div>\n<\/div>\n\n\n\n<div style=\"height:20px\" aria-hidden=\"true\" class=\"wp-block-spacer\"><\/div>\n\n\n\n<h2 class=\"has-text-align-left wp-block-heading\" style=\"font-style:normal;font-weight:700\">Dist\u00e2ncia de <mark style=\"background-color:rgba(0, 0, 0, 0);color:#008bb2\" class=\"has-inline-color\">Llanquihue<\/mark><\/h2>\n\n\n\n<p>Quando voc\u00ea est\u00e1 em Llanquihue, voc\u00ea est\u00e1 em um lugar privilegiado para ter como centro de opera\u00e7\u00f5es para visitar a atraente Regi\u00e3o de Los Lagos.<\/p>\n\n\n\n<div style=\"height:20px\" aria-hidden=\"true\" class=\"wp-block-spacer\"><\/div>\n\n\n\n<div class=\"wp-block-columns is-layout-flex wp-container-core-columns-is-layout-9d6595d7 wp-block-columns-is-layout-flex\">\n<div class=\"wp-block-column is-layout-flow wp-block-column-is-layout-flow\">\n<p><strong>Puerto Varas:<\/strong> 10 Min (12 km)<\/p>\n\n\n\n<p class=\"has-text-align-left\"><strong>Frutillar: <\/strong>18 min (19,5 km)  <\/p>\n\n\n\n<p><strong>Aeroporto de El Tepual:<\/strong> 29 min (28,3 km)<\/p>\n\n\n\n<p><strong>\n  <strong>Puerto Montt: <\/strong>\n<\/strong>30 min (28,3 km)<\/p>\n\n\n\n<p><strong>Porto de Octay:<\/strong> 40 min (42,8 km)<\/p>\n\n\n\n<p><strong>Freesia: <\/strong>42 km (38 min)<\/p>\n\n\n\n<p><strong>Ensenada:<\/strong> 55 min (56,2 km)<\/p>\n<\/div>\n\n\n\n<div class=\"wp-block-column is-layout-flow wp-block-column-is-layout-flow\">\n<p><strong>Osorno: <\/strong>58 min (81,8 km)<\/p>\n\n\n\n<p><strong>Esqui vulc\u00e3o osorno:<\/strong> 1 h 25 min (71,4 km)<\/p>\n\n\n\n<p><strong>Cataratas do Petrohu\u00e9:<\/strong> 1 h 10 min (72,7 km)<\/p>\n\n\n\n<p><strong>Cocham\u00f3: <\/strong>1 h 25 min (71,4 km)<\/p>\n\n\n\n<p><strong>Puelo:<\/strong> 2 h 31 min (136 km)<\/p>\n\n\n\n<p><strong>\n  <strong>Ancud: <\/strong>\n<\/strong>2 h 30 min (119,2 km)<\/p>\n\n\n\n<p><strong>Castro:<\/strong> 3 h 55 min (195,1 km)<\/p>\n<\/div>\n<\/div>\n\n\n\n<figure class=\"wp-block-gallery has-nested-images columns-default is-cropped wp-block-gallery-1 is-layout-flex wp-block-gallery-is-layout-flex\">\n<figure class=\"wp-block-image size-full is-style-default\"><img decoding=\"async\" data-id=\"8653\" src=\"data:image\/gif;base64,R0lGODlhAQABAIAAAAAAAP\/\/\/yH5BAEAAAAALAAAAAABAAEAAAIBRAA7\" data-src=\"https:\/\/enllanquihue.cl\/wp-content\/uploads\/2022\/06\/1-Galeria.jpg\" alt=\"\" class=\"wp-image-8653 lazyload\"\/><noscript><img decoding=\"async\" width=\"900\" height=\"600\" data-id=\"8653\" src=\"https:\/\/enllanquihue.cl\/wp-content\/uploads\/2022\/06\/1-Galeria.jpg\" alt=\"\" class=\"wp-image-8653 lazyload\" srcset=\"https:\/\/enllanquihue.cl\/wp-content\/uploads\/2022\/06\/1-Galeria.jpg 900w, https:\/\/enllanquihue.cl\/wp-content\/uploads\/2022\/06\/1-Galeria-300x200.jpg 300w, https:\/\/enllanquihue.cl\/wp-content\/uploads\/2022\/06\/1-Galeria-768x512.jpg 768w\" sizes=\"(max-width: 900px) 100vw, 900px\" \/><\/noscript><\/figure>\n\n\n\n<figure class=\"wp-block-image size-large\"><img decoding=\"async\" data-id=\"8655\" src=\"data:image\/gif;base64,R0lGODlhAQABAIAAAAAAAP\/\/\/yH5BAEAAAAALAAAAAABAAEAAAIBRAA7\" data-src=\"https:\/\/enllanquihue.cl\/wp-content\/uploads\/2022\/06\/2-Galeria.jpg\" alt=\"\" class=\"wp-image-8655 lazyload\"\/><noscript><img decoding=\"async\" width=\"900\" height=\"600\" data-id=\"8655\" src=\"https:\/\/enllanquihue.cl\/wp-content\/uploads\/2022\/06\/2-Galeria.jpg\" alt=\"\" class=\"wp-image-8655 lazyload\" srcset=\"https:\/\/enllanquihue.cl\/wp-content\/uploads\/2022\/06\/2-Galeria.jpg 900w, https:\/\/enllanquihue.cl\/wp-content\/uploads\/2022\/06\/2-Galeria-300x200.jpg 300w, https:\/\/enllanquihue.cl\/wp-content\/uploads\/2022\/06\/2-Galeria-768x512.jpg 768w\" sizes=\"(max-width: 900px) 100vw, 900px\" \/><\/noscript><\/figure>\n\n\n\n<figure class=\"wp-block-image size-large\"><img decoding=\"async\" data-id=\"8654\" src=\"data:image\/gif;base64,R0lGODlhAQABAIAAAAAAAP\/\/\/yH5BAEAAAAALAAAAAABAAEAAAIBRAA7\" data-src=\"https:\/\/enllanquihue.cl\/wp-content\/uploads\/2022\/06\/3-Galeria.jpg\" alt=\"\" class=\"wp-image-8654 lazyload\"\/><noscript><img decoding=\"async\" width=\"900\" height=\"600\" data-id=\"8654\" src=\"https:\/\/enllanquihue.cl\/wp-content\/uploads\/2022\/06\/3-Galeria.jpg\" alt=\"\" class=\"wp-image-8654 lazyload\" srcset=\"https:\/\/enllanquihue.cl\/wp-content\/uploads\/2022\/06\/3-Galeria.jpg 900w, https:\/\/enllanquihue.cl\/wp-content\/uploads\/2022\/06\/3-Galeria-300x200.jpg 300w, https:\/\/enllanquihue.cl\/wp-content\/uploads\/2022\/06\/3-Galeria-768x512.jpg 768w\" sizes=\"(max-width: 900px) 100vw, 900px\" \/><\/noscript><\/figure>\n\n\n\n<figure class=\"wp-block-image size-large\"><img decoding=\"async\" data-id=\"8656\" src=\"data:image\/gif;base64,R0lGODlhAQABAIAAAAAAAP\/\/\/yH5BAEAAAAALAAAAAABAAEAAAIBRAA7\" data-src=\"https:\/\/enllanquihue.cl\/wp-content\/uploads\/2022\/06\/4-Galeria.jpg\" alt=\"\" class=\"wp-image-8656 lazyload\"\/><noscript><img decoding=\"async\" width=\"900\" height=\"600\" data-id=\"8656\" src=\"https:\/\/enllanquihue.cl\/wp-content\/uploads\/2022\/06\/4-Galeria.jpg\" alt=\"\" class=\"wp-image-8656 lazyload\" srcset=\"https:\/\/enllanquihue.cl\/wp-content\/uploads\/2022\/06\/4-Galeria.jpg 900w, https:\/\/enllanquihue.cl\/wp-content\/uploads\/2022\/06\/4-Galeria-300x200.jpg 300w, https:\/\/enllanquihue.cl\/wp-content\/uploads\/2022\/06\/4-Galeria-768x512.jpg 768w\" sizes=\"(max-width: 900px) 100vw, 900px\" \/><\/noscript><\/figure>\n\n\n\n<figure class=\"wp-block-image size-full\"><img decoding=\"async\" data-id=\"8290\" src=\"data:image\/gif;base64,R0lGODlhAQABAIAAAAAAAP\/\/\/yH5BAEAAAAALAAAAAABAAEAAAIBRAA7\" data-src=\"https:\/\/enllanquihue.cl\/wp-content\/uploads\/2022\/06\/5-Galeria.jpg\" alt=\"\" class=\"wp-image-8290 lazyload\"\/><noscript><img decoding=\"async\" width=\"900\" height=\"600\" data-id=\"8290\" src=\"https:\/\/enllanquihue.cl\/wp-content\/uploads\/2022\/06\/5-Galeria.jpg\" alt=\"\" class=\"wp-image-8290 lazyload\" srcset=\"https:\/\/enllanquihue.cl\/wp-content\/uploads\/2022\/06\/5-Galeria.jpg 900w, https:\/\/enllanquihue.cl\/wp-content\/uploads\/2022\/06\/5-Galeria-300x200.jpg 300w, https:\/\/enllanquihue.cl\/wp-content\/uploads\/2022\/06\/5-Galeria-768x512.jpg 768w\" sizes=\"(max-width: 900px) 100vw, 900px\" \/><\/noscript><\/figure>\n<\/figure>\n\n\n\n<p><\/p>\n<\/div><\/div>\n\n\n\n<p><\/p>\n","protected":false},"excerpt":{"rendered":"","protected":false},"author":2,"featured_media":0,"parent":0,"menu_order":0,"comment_status":"closed","ping_status":"closed","template":"","meta":{"_citadela_hide_page_title":"1","_citadela_remove_header_space":"1","_citadela_custom_class":"","_citadela_half_map_provider":"","_citadela_half_map_theme":"","_citadela_half_map_themeOSM":"","_citadela_half_map_customTheme":"","_citadela_half_map_dataType":"","_citadela_half_map_dynamicTrack":false,"_citadela_half_map_trackColor":"","_citadela_half_map_trackEndpointsColor":"","_citadela_half_map_filterCategory":"","_citadela_half_map_filterLocation":"","_citadela_half_map_filterFeatured":false,"_citadela_half_map_noDataBehavior":"empty-map","_citadela_half_map_noDataText":"","_citadela_half_map_clusterGridSize":80,"_citadela_header":false,"_citadela_header_over_content":false,"_citadela_header_text_color":"","_citadela_header_logo":[],"_citadela_header_bg_image":[],"_citadela_header_bg_position":{"x":0.5,"y":0.5},"_citadela_header_bg_size":"cover","_citadela_header_bg_repeat":"no-repeat","_citadela_header_bg_fixed":false,"_citadela_header_bg_color":"","_citadela_header_bg_image_overlay":"","_citadela_header_transparent_bg":false,"_citadela_content_width":"","_citadela_half_layout_position":"","footnotes":""},"class_list":["post-8928","page","type-page","status-publish","hentry"],"yoast_head":"<!-- This site is optimized with the Yoast SEO plugin v24.8 - https:\/\/yoast.com\/wordpress\/plugins\/seo\/ -->\n<title>Dados \u00fateis - C\u00e1mara de Turismo de Llanquihue<\/title>\n<meta name=\"robots\" content=\"index, follow, max-snippet:-1, max-image-preview:large, max-video-preview:-1\" \/>\n<link rel=\"canonical\" href=\"https:\/\/enllanquihue.cl\/pt-br\/dados-uteis\/\" \/>\n<meta property=\"og:locale\" content=\"pt_BR\" \/>\n<meta property=\"og:type\" content=\"article\" \/>\n<meta property=\"og:title\" content=\"Dados \u00fateis - C\u00e1mara de Turismo de Llanquihue\" \/>\n<meta property=\"og:url\" content=\"https:\/\/enllanquihue.cl\/pt-br\/dados-uteis\/\" \/>\n<meta property=\"og:site_name\" content=\"C\u00e1mara de Turismo de Llanquihue\" \/>\n<meta property=\"article:modified_time\" content=\"2022-06-29T01:01:54+00:00\" \/>\n<meta property=\"og:image\" content=\"https:\/\/enllanquihue.cl\/wp-content\/uploads\/2022\/06\/1-Galeria.jpg\" \/>\n<meta name=\"twitter:card\" content=\"summary_large_image\" \/>\n<meta name=\"twitter:label1\" content=\"Est. tempo de leitura\" \/>\n\t<meta name=\"twitter:data1\" content=\"2 minutos\" \/>\n<script type=\"application\/ld+json\" class=\"yoast-schema-graph\">{\"@context\":\"https:\/\/schema.org\",\"@graph\":[{\"@type\":\"WebPage\",\"@id\":\"https:\/\/enllanquihue.cl\/pt-br\/dados-uteis\/\",\"url\":\"https:\/\/enllanquihue.cl\/pt-br\/dados-uteis\/\",\"name\":\"Dados \u00fateis - C\u00e1mara de Turismo de Llanquihue\",\"isPartOf\":{\"@id\":\"https:\/\/enllanquihue.cl\/#website\"},\"primaryImageOfPage\":{\"@id\":\"https:\/\/enllanquihue.cl\/pt-br\/dados-uteis\/#primaryimage\"},\"image\":{\"@id\":\"https:\/\/enllanquihue.cl\/pt-br\/dados-uteis\/#primaryimage\"},\"thumbnailUrl\":\"https:\/\/enllanquihue.cl\/wp-content\/uploads\/2022\/06\/1-Galeria.jpg\",\"datePublished\":\"2022-04-08T17:26:49+00:00\",\"dateModified\":\"2022-06-29T01:01:54+00:00\",\"breadcrumb\":{\"@id\":\"https:\/\/enllanquihue.cl\/pt-br\/dados-uteis\/#breadcrumb\"},\"inLanguage\":\"pt-BR\",\"potentialAction\":[{\"@type\":\"ReadAction\",\"target\":[\"https:\/\/enllanquihue.cl\/pt-br\/dados-uteis\/\"]}]},{\"@type\":\"ImageObject\",\"inLanguage\":\"pt-BR\",\"@id\":\"https:\/\/enllanquihue.cl\/pt-br\/dados-uteis\/#primaryimage\",\"url\":\"https:\/\/enllanquihue.cl\/wp-content\/uploads\/2022\/06\/1-Galeria.jpg\",\"contentUrl\":\"https:\/\/enllanquihue.cl\/wp-content\/uploads\/2022\/06\/1-Galeria.jpg\"},{\"@type\":\"BreadcrumbList\",\"@id\":\"https:\/\/enllanquihue.cl\/pt-br\/dados-uteis\/#breadcrumb\",\"itemListElement\":[{\"@type\":\"ListItem\",\"position\":1,\"name\":\"Portada\",\"item\":\"https:\/\/enllanquihue.cl\/pt-br\/\"},{\"@type\":\"ListItem\",\"position\":2,\"name\":\"Dados \u00fateis\"}]},{\"@type\":\"WebSite\",\"@id\":\"https:\/\/enllanquihue.cl\/#website\",\"url\":\"https:\/\/enllanquihue.cl\/\",\"name\":\"C\u00e1mara de Turismo de Llanquihue\",\"description\":\"Promoviendo el turismo en Llanquihue y alrrededores.\",\"potentialAction\":[{\"@type\":\"SearchAction\",\"target\":{\"@type\":\"EntryPoint\",\"urlTemplate\":\"https:\/\/enllanquihue.cl\/?s={search_term_string}\"},\"query-input\":{\"@type\":\"PropertyValueSpecification\",\"valueRequired\":true,\"valueName\":\"search_term_string\"}}],\"inLanguage\":\"pt-BR\"}]}<\/script>\n<!-- \/ Yoast SEO plugin. -->","yoast_head_json":{"title":"Dados \u00fateis - C\u00e1mara de Turismo de Llanquihue","robots":{"index":"index","follow":"follow","max-snippet":"max-snippet:-1","max-image-preview":"max-image-preview:large","max-video-preview":"max-video-preview:-1"},"canonical":"https:\/\/enllanquihue.cl\/pt-br\/dados-uteis\/","og_locale":"pt_BR","og_type":"article","og_title":"Dados \u00fateis - C\u00e1mara de Turismo de Llanquihue","og_url":"https:\/\/enllanquihue.cl\/pt-br\/dados-uteis\/","og_site_name":"C\u00e1mara de Turismo de Llanquihue","article_modified_time":"2022-06-29T01:01:54+00:00","og_image":[{"url":"https:\/\/enllanquihue.cl\/wp-content\/uploads\/2022\/06\/1-Galeria.jpg","type":"","width":"","height":""}],"twitter_card":"summary_large_image","twitter_misc":{"Est. tempo de leitura":"2 minutos"},"schema":{"@context":"https:\/\/schema.org","@graph":[{"@type":"WebPage","@id":"https:\/\/enllanquihue.cl\/pt-br\/dados-uteis\/","url":"https:\/\/enllanquihue.cl\/pt-br\/dados-uteis\/","name":"Dados \u00fateis - C\u00e1mara de Turismo de Llanquihue","isPartOf":{"@id":"https:\/\/enllanquihue.cl\/#website"},"primaryImageOfPage":{"@id":"https:\/\/enllanquihue.cl\/pt-br\/dados-uteis\/#primaryimage"},"image":{"@id":"https:\/\/enllanquihue.cl\/pt-br\/dados-uteis\/#primaryimage"},"thumbnailUrl":"https:\/\/enllanquihue.cl\/wp-content\/uploads\/2022\/06\/1-Galeria.jpg","datePublished":"2022-04-08T17:26:49+00:00","dateModified":"2022-06-29T01:01:54+00:00","breadcrumb":{"@id":"https:\/\/enllanquihue.cl\/pt-br\/dados-uteis\/#breadcrumb"},"inLanguage":"pt-BR","potentialAction":[{"@type":"ReadAction","target":["https:\/\/enllanquihue.cl\/pt-br\/dados-uteis\/"]}]},{"@type":"ImageObject","inLanguage":"pt-BR","@id":"https:\/\/enllanquihue.cl\/pt-br\/dados-uteis\/#primaryimage","url":"https:\/\/enllanquihue.cl\/wp-content\/uploads\/2022\/06\/1-Galeria.jpg","contentUrl":"https:\/\/enllanquihue.cl\/wp-content\/uploads\/2022\/06\/1-Galeria.jpg"},{"@type":"BreadcrumbList","@id":"https:\/\/enllanquihue.cl\/pt-br\/dados-uteis\/#breadcrumb","itemListElement":[{"@type":"ListItem","position":1,"name":"Portada","item":"https:\/\/enllanquihue.cl\/pt-br\/"},{"@type":"ListItem","position":2,"name":"Dados \u00fateis"}]},{"@type":"WebSite","@id":"https:\/\/enllanquihue.cl\/#website","url":"https:\/\/enllanquihue.cl\/","name":"C\u00e1mara de Turismo de Llanquihue","description":"Promoviendo el turismo en Llanquihue y alrrededores.","potentialAction":[{"@type":"SearchAction","target":{"@type":"EntryPoint","urlTemplate":"https:\/\/enllanquihue.cl\/?s={search_term_string}"},"query-input":{"@type":"PropertyValueSpecification","valueRequired":true,"valueName":"search_term_string"}}],"inLanguage":"pt-BR"}]}},"_links":{"self":[{"href":"https:\/\/enllanquihue.cl\/pt-br\/wp-json\/wp\/v2\/pages\/8928","targetHints":{"allow":["GET"]}}],"collection":[{"href":"https:\/\/enllanquihue.cl\/pt-br\/wp-json\/wp\/v2\/pages"}],"about":[{"href":"https:\/\/enllanquihue.cl\/pt-br\/wp-json\/wp\/v2\/types\/page"}],"author":[{"embeddable":true,"href":"https:\/\/enllanquihue.cl\/pt-br\/wp-json\/wp\/v2\/users\/2"}],"replies":[{"embeddable":true,"href":"https:\/\/enllanquihue.cl\/pt-br\/wp-json\/wp\/v2\/comments?post=8928"}],"version-history":[{"count":0,"href":"https:\/\/enllanquihue.cl\/pt-br\/wp-json\/wp\/v2\/pages\/8928\/revisions"}],"wp:attachment":[{"href":"https:\/\/enllanquihue.cl\/pt-br\/wp-json\/wp\/v2\/media?parent=8928"}],"curies":[{"name":"wp","href":"https:\/\/api.w.org\/{rel}","templated":true}]}}