{"id":8947,"date":"2022-02-09T09:27:10","date_gmt":"2022-02-09T12:27:10","guid":{"rendered":"https:\/\/enllanquihue.cl\/nossa-historia\/"},"modified":"2022-06-28T20:40:15","modified_gmt":"2022-06-29T00:40:15","slug":"nossa-historia","status":"publish","type":"page","link":"https:\/\/enllanquihue.cl\/pt-br\/nossa-historia\/","title":{"rendered":"Nossa Hist\u00f3ria"},"content":{"rendered":"\n<div class=\"wp-block-citadela-blocks-custom-container citadela-block-custom-container size-wide bg-type-none inside-space-none\"><div class=\"inner-holder\">\n<div class=\"wp-block-columns is-layout-flex wp-container-core-columns-is-layout-9d6595d7 wp-block-columns-is-layout-flex\">\n<div class=\"wp-block-column is-layout-flow wp-block-column-is-layout-flow\"><\/div>\n\n\n\n<div class=\"wp-block-column is-layout-flow wp-block-column-is-layout-flow\"><\/div>\n<\/div>\n\n\n\n<div class=\"wp-block-columns is-layout-flex wp-container-core-columns-is-layout-9d6595d7 wp-block-columns-is-layout-flex\">\n<div class=\"wp-block-column is-vertically-aligned-center is-layout-flow wp-block-column-is-layout-flow\"><div class=\"wp-block-image is-style-default\">\n<figure class=\"aligncenter size-full\"><img decoding=\"async\" src=\"data:image\/gif;base64,R0lGODlhAQABAIAAAAAAAP\/\/\/yH5BAEAAAAALAAAAAABAAEAAAIBRAA7\" data-src=\"https:\/\/enllanquihue.cl\/wp-content\/uploads\/2022\/04\/Nuestra-historia-llanquihue-1.jpg\" alt=\"\" class=\"wp-image-8601 lazyload\"\/><noscript><img decoding=\"async\" width=\"900\" height=\"600\" src=\"https:\/\/enllanquihue.cl\/wp-content\/uploads\/2022\/04\/Nuestra-historia-llanquihue-1.jpg\" alt=\"\" class=\"wp-image-8601 lazyload\" srcset=\"https:\/\/enllanquihue.cl\/wp-content\/uploads\/2022\/04\/Nuestra-historia-llanquihue-1.jpg 900w, https:\/\/enllanquihue.cl\/wp-content\/uploads\/2022\/04\/Nuestra-historia-llanquihue-1-300x200.jpg 300w, https:\/\/enllanquihue.cl\/wp-content\/uploads\/2022\/04\/Nuestra-historia-llanquihue-1-768x512.jpg 768w\" sizes=\"(max-width: 900px) 100vw, 900px\" \/><\/noscript><\/figure>\n<\/div><\/div>\n<\/div>\n<\/div><\/div>\n\n<div class=\"wp-block-columns alignwide is-layout-flex wp-container-core-columns-is-layout-9d6595d7 wp-block-columns-is-layout-flex\">\n<div class=\"wp-block-column is-layout-flow wp-block-column-is-layout-flow\" style=\"flex-basis:100%\">\n<p>Por volta do ano de 1840 <a href=\"https:\/\/es.wikipedia.org\/wiki\/Bernhard_Eunom_Philippi\">Bernardo Philipi<\/a> , que naquela \u00e9poca era um jovem alem\u00e3o, veio explorar de Valdivia a Osorno e finalmente Chilo\u00e9. Nesta expedi\u00e7\u00e3o Bernardo Philipi foi informado, atrav\u00e9s dos habitantes nativos da \u00e1rea que dentro do que conhecemos hoje como a regi\u00e3o de Los Lagos, havia um grande lago.<\/p>\n\n\n\n<p>A hist\u00f3ria desta cidade remonta a 1850 e at\u00e9 1875, principalmente. Naquela \u00e9poca, a coloniza\u00e7\u00e3o alem\u00e3 foi realizada e os colonos alem\u00e3es que se estabeleceram na \u00e1rea foram os que constru\u00edram o primeiro porto localizado perto da nascente do rio Maull\u00edn e que foi usado como meio de se comunicar com Puerto Varas.<\/p>\n\n\n\n<p>Mas desde o s\u00e9culo XVI houve a ideia de convidar colonos de origem alem\u00e3 para vir e habitar a parte sul do Chile. Como naquela \u00e9poca da hist\u00f3ria, n\u00e3o havia meios para realizar esse empreendimento, n\u00e3o era poss\u00edvel conquistar as terras acidentadas naquela \u00e9poca distantes e in\u00f3spitas regi\u00f5es do sul, portanto, a ideia foi adiada.<\/p>\n\n\n\n<p>Em 1848, a Revolu\u00e7\u00e3o Alem\u00e3 eclodiu e Bernard Philipi viajou para a Alemanha em busca de novos colonos para recrutar. Inicialmente, e por ordem do governo do Chile que o havia nomeado Agente de Coloniza\u00e7\u00e3o, ele estava indo com a ordem de recrutar entre 180 e 200 fam\u00edlias. A tarefa de Philipi foi amplamente bem sucedida porque o Chile estabeleceu os pre\u00e7os das terras destinadas aos colonos para evitar especula\u00e7\u00f5es em trazer fam\u00edlias que queriam prosperar.  <\/p>\n\n\n\n<p>Em 1850, Vicente P\u00e9rez Rosales foi apontado pelo Governo como agente da Coloniza\u00e7\u00e3o, que imediatamente iniciou sua dif\u00edcil tarefa. Ele realizou excurs\u00f5es a fim de informar-se pessoalmente sobre as condi\u00e7\u00f5es da terra dispon\u00edvel. Enquanto isso, navios com colonos chegavam periodicamente.<\/p>\n\n\n\n<p>Os principais objetivos que o governo do Chile queria alcan\u00e7ar com a coloniza\u00e7\u00e3o eram: a explora\u00e7\u00e3o dos recursos naturais, uma vez que nessa \u00e1rea eram muito abundantes; incorporar esses territ\u00f3rios efetivamente na soberania do pa\u00eds e, assim, evitar a coloniza\u00e7\u00e3o desses territ\u00f3rios por pot\u00eancias estrangeiras e, finalmente, levar popula\u00e7\u00e3o de origem europeia para \u00e1reas onde predominavam as comunidades ind\u00edgenas.<\/p>\n\n\n<div class=\"wp-block-image is-style-default\">\n<figure class=\"alignleft\"><img decoding=\"async\" src=\"data:image\/gif;base64,R0lGODlhAQABAIAAAAAAAP\/\/\/yH5BAEAAAAALAAAAAABAAEAAAIBRAA7\" data-src=\"https:\/\/enllanquihue.cl\/wp-content\/uploads\/2022\/04\/Nuestra-historia-llanquihue.jpg\" alt=\"\" class=\"wp-image-8589 lazyload\"\/><noscript><img decoding=\"async\" width=\"655\" height=\"381\" src=\"https:\/\/enllanquihue.cl\/wp-content\/uploads\/2022\/04\/Nuestra-historia-llanquihue.jpg\" alt=\"\" class=\"wp-image-8589 lazyload\" srcset=\"https:\/\/enllanquihue.cl\/wp-content\/uploads\/2022\/04\/Nuestra-historia-llanquihue.jpg 655w, https:\/\/enllanquihue.cl\/wp-content\/uploads\/2022\/04\/Nuestra-historia-llanquihue-300x175.jpg 300w\" sizes=\"(max-width: 655px) 100vw, 655px\" \/><\/noscript><\/figure>\n<\/div>\n\n\n<p><\/p>\n\n\n\n<p><\/p>\n\n\n\n<p><\/p>\n\n\n\n<p><\/p>\n\n\n\n<p>Depois de muitos esfor\u00e7os, e apesar das condi\u00e7\u00f5es adversas que surgiram, as primeiras fam\u00edlias de colonos alem\u00e3es conseguiram se estabelecer nas margens do Lago Llanquihue.<\/p>\n\n\n\n<p><\/p>\n\n\n\n<p><\/p>\n\n\n\n<div class=\"wp-block-group\"><div class=\"wp-block-group__inner-container is-layout-flow wp-block-group-is-layout-flow\">\n<p>Por meio de um decreto de 23 de junho de 1853, o Governo ordenou que todo o territ\u00f3rio ao redor do Lago Llanquihue fosse considerado uma zona de coloniza\u00e7\u00e3o. Com o esfor\u00e7o e a tenacidade desses primeiros colonos, florestas impenetr\u00e1veis foram transformadas em campos produtivos florescentes.<\/p>\n<\/div><\/div>\n\n\n\n<p>A atual cidade de Llanquihue reconhece sua origem no final do s\u00e9culo XIX nos tempos da coloniza\u00e7\u00e3o alem\u00e3 da \u00e1rea com o nome de Desag\u00fce, porque h\u00e1 a fonte do rio Maull\u00edn do Lago Llanquihue atrav\u00e9s do qual a drenagem para o Oceano Pac\u00edfico finalmente ocorre. Estima-se que foi fundada em 1852 por colonos alem\u00e3es que chegaram \u00e0s terras que hoje fazem parte da comuna e como cidade teria surgido no in\u00edcio de 1894, segundo Bruno Siebert.<\/p>\n\n\n\n<div class=\"wp-block-citadela-blocks-spacer citadela-block-spacer\"><div class=\"inner-holder\" style=\"padding-top:20px\"><\/div><\/div>\n\n\n\n<p><\/p>\n\n\n\n<ul class=\"wp-block-list\"><li>Ponte ferrovi\u00e1ria em Llanquihue. Hoje a ferrovia est\u00e1 em desuso e est\u00e1 localizada bem na nascente do rio Maull\u00edn.<\/li><li>A chegada da ferrovia em 1907 com a cria\u00e7\u00e3o da esta\u00e7\u00e3o llanquihue deu um grande impulso \u00e0 cidade, que ent\u00e3o adquiriu seu nome atual.<\/li><\/ul>\n\n\n\n<p>A cria\u00e7\u00e3o de ind\u00fastrias, com\u00e9rcio, institui\u00e7\u00f5es educacionais e culturais e outras atividades contribu\u00edram para o boom e o progresso da \u00e1rea do Lago Llanquihue.<\/p>\n\n\n\n<p>Em 1968 foi criado o Munic\u00edpio e desenvolvidas plantas agroindustriais pr\u00f3speras que processam latic\u00ednios e outros produtos.<\/p>\n\n\n\n<p class=\"has-text-align-left\"><\/p>\n\n\n\n<p><\/p>\n\n\n\n<p>As grandes \u00e1reas com vegeta\u00e7\u00e3o abundante e fontes de \u00e1gua aberta contribu\u00edram para o desenvolvimento da \u00e1rea, que estava associada principalmente \u00e0 agricultura, promovida por colonos alem\u00e3es. A cidade teve em sua hist\u00f3ria um enchimento sistem\u00e1tico e impermeabiliza\u00e7\u00e3o de suas zonas \u00famidas.<\/p>\n\n\n\n<p><\/p>\n<\/div>\n<\/div>\n\n<div class=\"wp-block-group alignwide\"><div class=\"wp-block-group__inner-container is-layout-flow wp-block-group-is-layout-flow\">\n<div class=\"wp-block-citadela-blocks-custom-container citadela-block-custom-container size-fullwidth bg-type-none inside-space-none\"><div class=\"inner-holder\">\n<div class=\"wp-block-columns is-layout-flex wp-container-core-columns-is-layout-9d6595d7 wp-block-columns-is-layout-flex\">\n<div class=\"wp-block-column is-layout-flow wp-block-column-is-layout-flow\">\n<figure class=\"wp-block-gallery has-nested-images columns-default is-cropped wp-block-gallery-1 is-layout-flex wp-block-gallery-is-layout-flex\">\n<figure class=\"wp-block-image size-full\"><img decoding=\"async\" data-id=\"8590\" src=\"data:image\/gif;base64,R0lGODlhAQABAIAAAAAAAP\/\/\/yH5BAEAAAAALAAAAAABAAEAAAIBRAA7\" data-src=\"https:\/\/enllanquihue.cl\/wp-content\/uploads\/2022\/04\/Nuestra-historia-llanquihue-hoy-.jpg\" alt=\"\" class=\"wp-image-8590 lazyload\"\/><noscript><img decoding=\"async\" width=\"655\" height=\"381\" data-id=\"8590\" src=\"https:\/\/enllanquihue.cl\/wp-content\/uploads\/2022\/04\/Nuestra-historia-llanquihue-hoy-.jpg\" alt=\"\" class=\"wp-image-8590 lazyload\" srcset=\"https:\/\/enllanquihue.cl\/wp-content\/uploads\/2022\/04\/Nuestra-historia-llanquihue-hoy-.jpg 655w, https:\/\/enllanquihue.cl\/wp-content\/uploads\/2022\/04\/Nuestra-historia-llanquihue-hoy--300x175.jpg 300w\" sizes=\"(max-width: 655px) 100vw, 655px\" \/><\/noscript><\/figure>\n<\/figure>\n<\/div>\n\n\n\n<div class=\"wp-block-column is-layout-flow wp-block-column-is-layout-flow\">\n<figure class=\"wp-block-gallery has-nested-images columns-default is-cropped wp-block-gallery-2 is-layout-flex wp-block-gallery-is-layout-flex\">\n<figure class=\"wp-block-image size-large\"><img decoding=\"async\" data-id=\"8592\" src=\"data:image\/gif;base64,R0lGODlhAQABAIAAAAAAAP\/\/\/yH5BAEAAAAALAAAAAABAAEAAAIBRAA7\" data-src=\"https:\/\/enllanquihue.cl\/wp-content\/uploads\/2022\/04\/Nuestra-historia-llanquihue-hoy-1.jpg\" alt=\"\" class=\"wp-image-8592 lazyload\"\/><noscript><img decoding=\"async\" width=\"655\" height=\"381\" data-id=\"8592\" src=\"https:\/\/enllanquihue.cl\/wp-content\/uploads\/2022\/04\/Nuestra-historia-llanquihue-hoy-1.jpg\" alt=\"\" class=\"wp-image-8592 lazyload\" srcset=\"https:\/\/enllanquihue.cl\/wp-content\/uploads\/2022\/04\/Nuestra-historia-llanquihue-hoy-1.jpg 655w, https:\/\/enllanquihue.cl\/wp-content\/uploads\/2022\/04\/Nuestra-historia-llanquihue-hoy-1-300x175.jpg 300w\" sizes=\"(max-width: 655px) 100vw, 655px\" \/><\/noscript><\/figure>\n<\/figure>\n<\/div>\n\n\n\n<div class=\"wp-block-column is-layout-flow wp-block-column-is-layout-flow\">\n<figure class=\"wp-block-gallery has-nested-images columns-default is-cropped wp-block-gallery-3 is-layout-flex wp-block-gallery-is-layout-flex\">\n<figure class=\"wp-block-image size-large\"><img decoding=\"async\" data-id=\"8591\" src=\"data:image\/gif;base64,R0lGODlhAQABAIAAAAAAAP\/\/\/yH5BAEAAAAALAAAAAABAAEAAAIBRAA7\" data-src=\"https:\/\/enllanquihue.cl\/wp-content\/uploads\/2022\/04\/Nuestra-historia-llanquihue-hoy-2.jpg\" alt=\"\" class=\"wp-image-8591 lazyload\"\/><noscript><img decoding=\"async\" width=\"655\" height=\"381\" data-id=\"8591\" src=\"https:\/\/enllanquihue.cl\/wp-content\/uploads\/2022\/04\/Nuestra-historia-llanquihue-hoy-2.jpg\" alt=\"\" class=\"wp-image-8591 lazyload\" srcset=\"https:\/\/enllanquihue.cl\/wp-content\/uploads\/2022\/04\/Nuestra-historia-llanquihue-hoy-2.jpg 655w, https:\/\/enllanquihue.cl\/wp-content\/uploads\/2022\/04\/Nuestra-historia-llanquihue-hoy-2-300x175.jpg 300w\" sizes=\"(max-width: 655px) 100vw, 655px\" \/><\/noscript><\/figure>\n<\/figure>\n<\/div>\n<\/div>\n<\/div><\/div>\n<\/div><\/div>\n\n<div class=\"wp-block-citadela-blocks-spacer citadela-block-spacer\"><div class=\"inner-holder\" style=\"padding-top:3vw\"><\/div><\/div>\n","protected":false},"excerpt":{"rendered":"<p>Por volta do ano de 1840 Bernardo Philipi , que naquela \u00e9poca era um jovem alem\u00e3o, veio explorar de Valdivia a Osorno e finalmente Chilo\u00e9. Nesta expedi\u00e7\u00e3o Bernardo Philipi foi informado, atrav\u00e9s dos habitantes nativos da \u00e1rea que dentro do que conhecemos hoje como a regi\u00e3o de Los Lagos, havia um grande lago. A hist\u00f3ria [&hellip;]<\/p>\n","protected":false},"author":1,"featured_media":0,"parent":0,"menu_order":0,"comment_status":"closed","ping_status":"closed","template":"","meta":{"_citadela_hide_page_title":"","_citadela_remove_header_space":"","_citadela_custom_class":"","_citadela_half_map_provider":"","_citadela_half_map_theme":"","_citadela_half_map_themeOSM":"","_citadela_half_map_customTheme":"","_citadela_half_map_dataType":"","_citadela_half_map_dynamicTrack":false,"_citadela_half_map_trackColor":"","_citadela_half_map_trackEndpointsColor":"","_citadela_half_map_filterCategory":"","_citadela_half_map_filterLocation":"","_citadela_half_map_filterFeatured":false,"_citadela_half_map_noDataBehavior":"empty-map","_citadela_half_map_noDataText":"","_citadela_half_map_clusterGridSize":80,"_citadela_header":false,"_citadela_header_over_content":false,"_citadela_header_text_color":"","_citadela_header_logo":[],"_citadela_header_bg_image":[],"_citadela_header_bg_position":[],"_citadela_header_bg_size":"","_citadela_header_bg_repeat":"","_citadela_header_bg_fixed":false,"_citadela_header_bg_color":"","_citadela_header_bg_image_overlay":"","_citadela_header_transparent_bg":false,"_citadela_content_width":"","_citadela_half_layout_position":"","footnotes":""},"class_list":["post-8947","page","type-page","status-publish","hentry"],"yoast_head":"<!-- This site is optimized with the Yoast SEO plugin v24.8 - https:\/\/yoast.com\/wordpress\/plugins\/seo\/ -->\n<title>Nossa Hist\u00f3ria - C\u00e1mara de Turismo de Llanquihue<\/title>\n<meta name=\"robots\" content=\"index, follow, max-snippet:-1, max-image-preview:large, max-video-preview:-1\" \/>\n<link rel=\"canonical\" href=\"https:\/\/enllanquihue.cl\/pt-br\/nossa-historia\/\" \/>\n<meta property=\"og:locale\" content=\"pt_BR\" \/>\n<meta property=\"og:type\" content=\"article\" \/>\n<meta property=\"og:title\" content=\"Nossa Hist\u00f3ria - C\u00e1mara de Turismo de Llanquihue\" \/>\n<meta property=\"og:description\" content=\"Por volta do ano de 1840 Bernardo Philipi , que naquela \u00e9poca era um jovem alem\u00e3o, veio explorar de Valdivia a Osorno e finalmente Chilo\u00e9. Nesta expedi\u00e7\u00e3o Bernardo Philipi foi informado, atrav\u00e9s dos habitantes nativos da \u00e1rea que dentro do que conhecemos hoje como a regi\u00e3o de Los Lagos, havia um grande lago. A hist\u00f3ria [&hellip;]\" \/>\n<meta property=\"og:url\" content=\"https:\/\/enllanquihue.cl\/pt-br\/nossa-historia\/\" \/>\n<meta property=\"og:site_name\" content=\"C\u00e1mara de Turismo de Llanquihue\" \/>\n<meta property=\"article:modified_time\" content=\"2022-06-29T00:40:15+00:00\" \/>\n<meta property=\"og:image\" content=\"https:\/\/enllanquihue.cl\/wp-content\/uploads\/2022\/04\/Nuestra-historia-llanquihue-1.jpg\" \/>\n<meta name=\"twitter:card\" content=\"summary_large_image\" \/>\n<meta name=\"twitter:label1\" content=\"Est. tempo de leitura\" \/>\n\t<meta name=\"twitter:data1\" content=\"3 minutos\" \/>\n<script type=\"application\/ld+json\" class=\"yoast-schema-graph\">{\"@context\":\"https:\/\/schema.org\",\"@graph\":[{\"@type\":\"WebPage\",\"@id\":\"https:\/\/enllanquihue.cl\/pt-br\/nossa-historia\/\",\"url\":\"https:\/\/enllanquihue.cl\/pt-br\/nossa-historia\/\",\"name\":\"Nossa Hist\u00f3ria - C\u00e1mara de Turismo de Llanquihue\",\"isPartOf\":{\"@id\":\"https:\/\/enllanquihue.cl\/#website\"},\"primaryImageOfPage\":{\"@id\":\"https:\/\/enllanquihue.cl\/pt-br\/nossa-historia\/#primaryimage\"},\"image\":{\"@id\":\"https:\/\/enllanquihue.cl\/pt-br\/nossa-historia\/#primaryimage\"},\"thumbnailUrl\":\"https:\/\/enllanquihue.cl\/wp-content\/uploads\/2022\/04\/Nuestra-historia-llanquihue-1.jpg\",\"datePublished\":\"2022-02-09T12:27:10+00:00\",\"dateModified\":\"2022-06-29T00:40:15+00:00\",\"breadcrumb\":{\"@id\":\"https:\/\/enllanquihue.cl\/pt-br\/nossa-historia\/#breadcrumb\"},\"inLanguage\":\"pt-BR\",\"potentialAction\":[{\"@type\":\"ReadAction\",\"target\":[\"https:\/\/enllanquihue.cl\/pt-br\/nossa-historia\/\"]}]},{\"@type\":\"ImageObject\",\"inLanguage\":\"pt-BR\",\"@id\":\"https:\/\/enllanquihue.cl\/pt-br\/nossa-historia\/#primaryimage\",\"url\":\"https:\/\/enllanquihue.cl\/wp-content\/uploads\/2022\/04\/Nuestra-historia-llanquihue-1.jpg\",\"contentUrl\":\"https:\/\/enllanquihue.cl\/wp-content\/uploads\/2022\/04\/Nuestra-historia-llanquihue-1.jpg\"},{\"@type\":\"BreadcrumbList\",\"@id\":\"https:\/\/enllanquihue.cl\/pt-br\/nossa-historia\/#breadcrumb\",\"itemListElement\":[{\"@type\":\"ListItem\",\"position\":1,\"name\":\"Portada\",\"item\":\"https:\/\/enllanquihue.cl\/pt-br\/\"},{\"@type\":\"ListItem\",\"position\":2,\"name\":\"Nossa Hist\u00f3ria\"}]},{\"@type\":\"WebSite\",\"@id\":\"https:\/\/enllanquihue.cl\/#website\",\"url\":\"https:\/\/enllanquihue.cl\/\",\"name\":\"C\u00e1mara de Turismo de Llanquihue\",\"description\":\"Promoviendo el turismo en Llanquihue y alrrededores.\",\"potentialAction\":[{\"@type\":\"SearchAction\",\"target\":{\"@type\":\"EntryPoint\",\"urlTemplate\":\"https:\/\/enllanquihue.cl\/?s={search_term_string}\"},\"query-input\":{\"@type\":\"PropertyValueSpecification\",\"valueRequired\":true,\"valueName\":\"search_term_string\"}}],\"inLanguage\":\"pt-BR\"}]}<\/script>\n<!-- \/ Yoast SEO plugin. -->","yoast_head_json":{"title":"Nossa Hist\u00f3ria - C\u00e1mara de Turismo de Llanquihue","robots":{"index":"index","follow":"follow","max-snippet":"max-snippet:-1","max-image-preview":"max-image-preview:large","max-video-preview":"max-video-preview:-1"},"canonical":"https:\/\/enllanquihue.cl\/pt-br\/nossa-historia\/","og_locale":"pt_BR","og_type":"article","og_title":"Nossa Hist\u00f3ria - C\u00e1mara de Turismo de Llanquihue","og_description":"Por volta do ano de 1840 Bernardo Philipi , que naquela \u00e9poca era um jovem alem\u00e3o, veio explorar de Valdivia a Osorno e finalmente Chilo\u00e9. Nesta expedi\u00e7\u00e3o Bernardo Philipi foi informado, atrav\u00e9s dos habitantes nativos da \u00e1rea que dentro do que conhecemos hoje como a regi\u00e3o de Los Lagos, havia um grande lago. A hist\u00f3ria [&hellip;]","og_url":"https:\/\/enllanquihue.cl\/pt-br\/nossa-historia\/","og_site_name":"C\u00e1mara de Turismo de Llanquihue","article_modified_time":"2022-06-29T00:40:15+00:00","og_image":[{"url":"https:\/\/enllanquihue.cl\/wp-content\/uploads\/2022\/04\/Nuestra-historia-llanquihue-1.jpg","type":"","width":"","height":""}],"twitter_card":"summary_large_image","twitter_misc":{"Est. tempo de leitura":"3 minutos"},"schema":{"@context":"https:\/\/schema.org","@graph":[{"@type":"WebPage","@id":"https:\/\/enllanquihue.cl\/pt-br\/nossa-historia\/","url":"https:\/\/enllanquihue.cl\/pt-br\/nossa-historia\/","name":"Nossa Hist\u00f3ria - C\u00e1mara de Turismo de Llanquihue","isPartOf":{"@id":"https:\/\/enllanquihue.cl\/#website"},"primaryImageOfPage":{"@id":"https:\/\/enllanquihue.cl\/pt-br\/nossa-historia\/#primaryimage"},"image":{"@id":"https:\/\/enllanquihue.cl\/pt-br\/nossa-historia\/#primaryimage"},"thumbnailUrl":"https:\/\/enllanquihue.cl\/wp-content\/uploads\/2022\/04\/Nuestra-historia-llanquihue-1.jpg","datePublished":"2022-02-09T12:27:10+00:00","dateModified":"2022-06-29T00:40:15+00:00","breadcrumb":{"@id":"https:\/\/enllanquihue.cl\/pt-br\/nossa-historia\/#breadcrumb"},"inLanguage":"pt-BR","potentialAction":[{"@type":"ReadAction","target":["https:\/\/enllanquihue.cl\/pt-br\/nossa-historia\/"]}]},{"@type":"ImageObject","inLanguage":"pt-BR","@id":"https:\/\/enllanquihue.cl\/pt-br\/nossa-historia\/#primaryimage","url":"https:\/\/enllanquihue.cl\/wp-content\/uploads\/2022\/04\/Nuestra-historia-llanquihue-1.jpg","contentUrl":"https:\/\/enllanquihue.cl\/wp-content\/uploads\/2022\/04\/Nuestra-historia-llanquihue-1.jpg"},{"@type":"BreadcrumbList","@id":"https:\/\/enllanquihue.cl\/pt-br\/nossa-historia\/#breadcrumb","itemListElement":[{"@type":"ListItem","position":1,"name":"Portada","item":"https:\/\/enllanquihue.cl\/pt-br\/"},{"@type":"ListItem","position":2,"name":"Nossa Hist\u00f3ria"}]},{"@type":"WebSite","@id":"https:\/\/enllanquihue.cl\/#website","url":"https:\/\/enllanquihue.cl\/","name":"C\u00e1mara de Turismo de Llanquihue","description":"Promoviendo el turismo en Llanquihue y alrrededores.","potentialAction":[{"@type":"SearchAction","target":{"@type":"EntryPoint","urlTemplate":"https:\/\/enllanquihue.cl\/?s={search_term_string}"},"query-input":{"@type":"PropertyValueSpecification","valueRequired":true,"valueName":"search_term_string"}}],"inLanguage":"pt-BR"}]}},"_links":{"self":[{"href":"https:\/\/enllanquihue.cl\/pt-br\/wp-json\/wp\/v2\/pages\/8947","targetHints":{"allow":["GET"]}}],"collection":[{"href":"https:\/\/enllanquihue.cl\/pt-br\/wp-json\/wp\/v2\/pages"}],"about":[{"href":"https:\/\/enllanquihue.cl\/pt-br\/wp-json\/wp\/v2\/types\/page"}],"author":[{"embeddable":true,"href":"https:\/\/enllanquihue.cl\/pt-br\/wp-json\/wp\/v2\/users\/1"}],"replies":[{"embeddable":true,"href":"https:\/\/enllanquihue.cl\/pt-br\/wp-json\/wp\/v2\/comments?post=8947"}],"version-history":[{"count":0,"href":"https:\/\/enllanquihue.cl\/pt-br\/wp-json\/wp\/v2\/pages\/8947\/revisions"}],"wp:attachment":[{"href":"https:\/\/enllanquihue.cl\/pt-br\/wp-json\/wp\/v2\/media?parent=8947"}],"curies":[{"name":"wp","href":"https:\/\/api.w.org\/{rel}","templated":true}]}}